{"id":63,"date":"2023-11-26T11:07:21","date_gmt":"2023-11-26T10:07:21","guid":{"rendered":"https:\/\/nya.eslov.pingst.se\/?page_id=63"},"modified":"2026-03-27T19:09:29","modified_gmt":"2026-03-27T18:09:29","slug":"kontakta-oss","status":"publish","type":"page","link":"https:\/\/eslov.pingst.se\/?page_id=63","title":{"rendered":"Kontakta oss"},"content":{"rendered":"\n<h4 class=\"wp-block-heading\">Adress<\/h4>\n\n\n\n<p>Esl\u00f6vs Pingstf\u00f6rsamling<br>Sallerupsv\u00e4gen 37<br>241 37 Esl\u00f6v<br>Telefon: 0413-16610<\/p>\n\n\n\n<h4 class=\"wp-block-heading\">Kontaktuppgifter<\/h4>\n\n\n\n<p>Josef Eriksson (pastor)<br>Telefon: 076-3945831<br>E-mail: josefheeriksson@gmail.com<\/p>\n\n\n\n<p>Olivia Eriksson (pastor)<br>Telefon: 073-9515431<br>E-mail: erikssonnoliviaa@gmail.com<\/p>\n\n\n\n<p>Martin Olsson (ordf\u00f6rande)<br>Telefon: 070-5220171<\/p>\n\n\n\n<h4 class=\"wp-block-heading\">Styrelse<\/h4>\n\n\n\n<figure class=\"wp-block-gallery has-nested-images columns-default is-cropped wp-block-gallery-1 is-layout-flex wp-block-gallery-is-layout-flex\">\n<figure class=\"wp-block-image size-large\"><img fetchpriority=\"high\" decoding=\"async\" width=\"684\" height=\"1024\" data-id=\"1376\" src=\"https:\/\/nya.eslov.pingst.se\/wp-content\/uploads\/2023\/12\/285439051_341094424764598_7774593404938734301_n-684x1024.jpg\" alt=\"\" class=\"wp-image-1376\" srcset=\"https:\/\/eslov.pingst.se\/wp-content\/uploads\/2023\/12\/285439051_341094424764598_7774593404938734301_n-684x1024.jpg 684w, https:\/\/eslov.pingst.se\/wp-content\/uploads\/2023\/12\/285439051_341094424764598_7774593404938734301_n-200x300.jpg 200w, https:\/\/eslov.pingst.se\/wp-content\/uploads\/2023\/12\/285439051_341094424764598_7774593404938734301_n-768x1151.jpg 768w, https:\/\/eslov.pingst.se\/wp-content\/uploads\/2023\/12\/285439051_341094424764598_7774593404938734301_n-1025x1536.jpg 1025w, https:\/\/eslov.pingst.se\/wp-content\/uploads\/2023\/12\/285439051_341094424764598_7774593404938734301_n-1367x2048.jpg 1367w, https:\/\/eslov.pingst.se\/wp-content\/uploads\/2023\/12\/285439051_341094424764598_7774593404938734301_n-scaled.jpg 1709w\" sizes=\"(max-width: 684px) 100vw, 684px\" \/><figcaption class=\"wp-element-caption\">Martin Olsson, Ordf\u00f6rande<\/figcaption><\/figure>\n\n\n\n<figure class=\"wp-block-image size-large\"><img decoding=\"async\" width=\"684\" height=\"1024\" data-id=\"1378\" src=\"https:\/\/nya.eslov.pingst.se\/wp-content\/uploads\/2023\/12\/286253551_1123745758487994_1184985402249176793_n-684x1024.jpg\" alt=\"\" class=\"wp-image-1378\" srcset=\"https:\/\/eslov.pingst.se\/wp-content\/uploads\/2023\/12\/286253551_1123745758487994_1184985402249176793_n-684x1024.jpg 684w, https:\/\/eslov.pingst.se\/wp-content\/uploads\/2023\/12\/286253551_1123745758487994_1184985402249176793_n-200x300.jpg 200w, https:\/\/eslov.pingst.se\/wp-content\/uploads\/2023\/12\/286253551_1123745758487994_1184985402249176793_n-768x1151.jpg 768w, https:\/\/eslov.pingst.se\/wp-content\/uploads\/2023\/12\/286253551_1123745758487994_1184985402249176793_n-1025x1536.jpg 1025w, https:\/\/eslov.pingst.se\/wp-content\/uploads\/2023\/12\/286253551_1123745758487994_1184985402249176793_n-1367x2048.jpg 1367w, https:\/\/eslov.pingst.se\/wp-content\/uploads\/2023\/12\/286253551_1123745758487994_1184985402249176793_n-scaled.jpg 1709w\" sizes=\"(max-width: 684px) 100vw, 684px\" \/><figcaption class=\"wp-element-caption\">Tini Kjellin<\/figcaption><\/figure>\n\n\n\n<figure class=\"wp-block-image size-large\"><img decoding=\"async\" width=\"684\" height=\"1024\" data-id=\"1377\" src=\"https:\/\/nya.eslov.pingst.se\/wp-content\/uploads\/2023\/12\/286153497_401466328588693_4103573700302924060_n-684x1024.jpg\" alt=\"\" class=\"wp-image-1377\" srcset=\"https:\/\/eslov.pingst.se\/wp-content\/uploads\/2023\/12\/286153497_401466328588693_4103573700302924060_n-684x1024.jpg 684w, https:\/\/eslov.pingst.se\/wp-content\/uploads\/2023\/12\/286153497_401466328588693_4103573700302924060_n-200x300.jpg 200w, https:\/\/eslov.pingst.se\/wp-content\/uploads\/2023\/12\/286153497_401466328588693_4103573700302924060_n-768x1151.jpg 768w, https:\/\/eslov.pingst.se\/wp-content\/uploads\/2023\/12\/286153497_401466328588693_4103573700302924060_n-1025x1536.jpg 1025w, https:\/\/eslov.pingst.se\/wp-content\/uploads\/2023\/12\/286153497_401466328588693_4103573700302924060_n-1367x2048.jpg 1367w, https:\/\/eslov.pingst.se\/wp-content\/uploads\/2023\/12\/286153497_401466328588693_4103573700302924060_n-scaled.jpg 1709w\" sizes=\"(max-width: 684px) 100vw, 684px\" \/><figcaption class=\"wp-element-caption\">S\u00f6ren Kennerberg, Vice ordf\u00f6rande<\/figcaption><\/figure>\n\n\n\n<figure class=\"wp-block-image size-large\"><img loading=\"lazy\" decoding=\"async\" width=\"684\" height=\"1024\" data-id=\"1380\" src=\"https:\/\/nya.eslov.pingst.se\/wp-content\/uploads\/2023\/12\/285562277_712894689771055_2707349980193042728_n-684x1024.jpg\" alt=\"\" class=\"wp-image-1380\" srcset=\"https:\/\/eslov.pingst.se\/wp-content\/uploads\/2023\/12\/285562277_712894689771055_2707349980193042728_n-684x1024.jpg 684w, https:\/\/eslov.pingst.se\/wp-content\/uploads\/2023\/12\/285562277_712894689771055_2707349980193042728_n-200x300.jpg 200w, https:\/\/eslov.pingst.se\/wp-content\/uploads\/2023\/12\/285562277_712894689771055_2707349980193042728_n-768x1151.jpg 768w, https:\/\/eslov.pingst.se\/wp-content\/uploads\/2023\/12\/285562277_712894689771055_2707349980193042728_n-1025x1536.jpg 1025w, https:\/\/eslov.pingst.se\/wp-content\/uploads\/2023\/12\/285562277_712894689771055_2707349980193042728_n-1367x2048.jpg 1367w, https:\/\/eslov.pingst.se\/wp-content\/uploads\/2023\/12\/285562277_712894689771055_2707349980193042728_n-scaled.jpg 1709w\" sizes=\"(max-width: 684px) 100vw, 684px\" \/><figcaption class=\"wp-element-caption\">Stina Andr\u00e9n, Sekreterare<\/figcaption><\/figure>\n\n\n\n<figure class=\"wp-block-image size-full\"><img loading=\"lazy\" decoding=\"async\" width=\"300\" height=\"450\" data-id=\"1469\" src=\"https:\/\/eslov.pingst.se\/wp-content\/uploads\/2025\/01\/JakobHagg.jpg\" alt=\"\" class=\"wp-image-1469\" srcset=\"https:\/\/eslov.pingst.se\/wp-content\/uploads\/2025\/01\/JakobHagg.jpg 300w, https:\/\/eslov.pingst.se\/wp-content\/uploads\/2025\/01\/JakobHagg-200x300.jpg 200w\" sizes=\"(max-width: 300px) 100vw, 300px\" \/><figcaption class=\"wp-element-caption\">Jakob H\u00e4gg<\/figcaption><\/figure>\n\n\n\n<figure class=\"wp-block-image size-large\"><img loading=\"lazy\" decoding=\"async\" width=\"682\" height=\"1024\" data-id=\"1447\" src=\"https:\/\/nya.eslov.pingst.se\/wp-content\/uploads\/2023\/12\/Olof-Martensson-682x1024.jpg\" alt=\"\" class=\"wp-image-1447\" srcset=\"https:\/\/eslov.pingst.se\/wp-content\/uploads\/2023\/12\/Olof-Martensson-682x1024.jpg 682w, https:\/\/eslov.pingst.se\/wp-content\/uploads\/2023\/12\/Olof-Martensson-200x300.jpg 200w, https:\/\/eslov.pingst.se\/wp-content\/uploads\/2023\/12\/Olof-Martensson-768x1152.jpg 768w, https:\/\/eslov.pingst.se\/wp-content\/uploads\/2023\/12\/Olof-Martensson.jpg 997w\" sizes=\"(max-width: 682px) 100vw, 682px\" \/><figcaption class=\"wp-element-caption\">Olof M\u00e5rtensson<\/figcaption><\/figure>\n<\/figure>\n\n\n\n<h4 class=\"wp-block-heading\">Mailadress<\/h4>\n\n\n\n<p><a href=\"mailto:info@eslov.pingst.se\">info@eslov.pingst.se<\/a><\/p>\n\n\n\n<h4 class=\"wp-block-heading\">Sociala medier<\/h4>\n\n\n\n<p><a href=\"https:\/\/www.facebook.com\/profile.php?id=100068758989698\">Facebook<\/a><br><a href=\"https:\/\/www.instagram.com\/pingsteslov\/?utm_source=ig_web_button_share_sheet&amp;igshid=OGQ5ZDc2ODk2ZA==\">Instagram<\/a><\/p>\n\n\n\n<h4 class=\"wp-block-heading\">Plusgiro\/Bankgiro\/Swish<\/h4>\n\n\n\n<p>Plusgiro: 230215-6<br>Bankgiro: 5386-8220<br>Swish: 1231579689<\/p>\n","protected":false},"excerpt":{"rendered":"<p>Adress Esl\u00f6vs Pingstf\u00f6rsamlingSallerupsv\u00e4gen 37241 37 Esl\u00f6vTelefon: 0413-16610 Kontaktuppgifter Josef Eriksson (pastor)Telefon: 076-3945831E-mail: josefheeriksson@gmail.com Olivia Eriksson (pastor)Telefon: 073-9515431E-mail: erikssonnoliviaa@gmail.com Martin Olsson (ordf\u00f6rande)Telefon: 070-5220171 Styrelse Mailadress info@eslov.pingst.se Sociala medier FacebookInstagram Plusgiro\/Bankgiro\/Swish Plusgiro: 230215-6Bankgiro: 5386-8220Swish: 1231579689<\/p>\n","protected":false},"author":1,"featured_media":0,"parent":0,"menu_order":0,"comment_status":"closed","ping_status":"closed","template":"","meta":{"site-sidebar-layout":"default","site-content-layout":"","ast-site-content-layout":"default","site-content-style":"default","site-sidebar-style":"default","ast-global-header-display":"","ast-banner-title-visibility":"","ast-main-header-display":"","ast-hfb-above-header-display":"","ast-hfb-below-header-display":"","ast-hfb-mobile-header-display":"","site-post-title":"","ast-breadcrumbs-content":"","ast-featured-img":"","footer-sml-layout":"","ast-disable-related-posts":"","theme-transparent-header-meta":"","adv-header-id-meta":"","stick-header-meta":"","header-above-stick-meta":"","header-main-stick-meta":"","header-below-stick-meta":"","astra-migrate-meta-layouts":"set","ast-page-background-enabled":"default","ast-page-background-meta":{"desktop":{"background-color":"","background-image":"","background-repeat":"repeat","background-position":"center center","background-size":"auto","background-attachment":"scroll","background-type":"","background-media":"","overlay-type":"","overlay-color":"","overlay-opacity":"","overlay-gradient":""},"tablet":{"background-color":"","background-image":"","background-repeat":"repeat","background-position":"center center","background-size":"auto","background-attachment":"scroll","background-type":"","background-media":"","overlay-type":"","overlay-color":"","overlay-opacity":"","overlay-gradient":""},"mobile":{"background-color":"","background-image":"","background-repeat":"repeat","background-position":"center center","background-size":"auto","background-attachment":"scroll","background-type":"","background-media":"","overlay-type":"","overlay-color":"","overlay-opacity":"","overlay-gradient":""}},"ast-content-background-meta":{"desktop":{"background-color":"var(--ast-global-color-5)","background-image":"","background-repeat":"repeat","background-position":"center center","background-size":"auto","background-attachment":"scroll","background-type":"","background-media":"","overlay-type":"","overlay-color":"","overlay-opacity":"","overlay-gradient":""},"tablet":{"background-color":"var(--ast-global-color-5)","background-image":"","background-repeat":"repeat","background-position":"center center","background-size":"auto","background-attachment":"scroll","background-type":"","background-media":"","overlay-type":"","overlay-color":"","overlay-opacity":"","overlay-gradient":""},"mobile":{"background-color":"var(--ast-global-color-5)","background-image":"","background-repeat":"repeat","background-position":"center center","background-size":"auto","background-attachment":"scroll","background-type":"","background-media":"","overlay-type":"","overlay-color":"","overlay-opacity":"","overlay-gradient":""}},"footnotes":""},"class_list":["post-63","page","type-page","status-publish","hentry"],"_links":{"self":[{"href":"https:\/\/eslov.pingst.se\/index.php?rest_route=\/wp\/v2\/pages\/63","targetHints":{"allow":["GET"]}}],"collection":[{"href":"https:\/\/eslov.pingst.se\/index.php?rest_route=\/wp\/v2\/pages"}],"about":[{"href":"https:\/\/eslov.pingst.se\/index.php?rest_route=\/wp\/v2\/types\/page"}],"author":[{"embeddable":true,"href":"https:\/\/eslov.pingst.se\/index.php?rest_route=\/wp\/v2\/users\/1"}],"replies":[{"embeddable":true,"href":"https:\/\/eslov.pingst.se\/index.php?rest_route=%2Fwp%2Fv2%2Fcomments&post=63"}],"version-history":[{"count":37,"href":"https:\/\/eslov.pingst.se\/index.php?rest_route=\/wp\/v2\/pages\/63\/revisions"}],"predecessor-version":[{"id":1482,"href":"https:\/\/eslov.pingst.se\/index.php?rest_route=\/wp\/v2\/pages\/63\/revisions\/1482"}],"wp:attachment":[{"href":"https:\/\/eslov.pingst.se\/index.php?rest_route=%2Fwp%2Fv2%2Fmedia&parent=63"}],"curies":[{"name":"wp","href":"https:\/\/api.w.org\/{rel}","templated":true}]}}